{"id":21,"date":"2010-05-10T20:04:32","date_gmt":"2010-05-10T18:04:32","guid":{"rendered":"http:\/\/laurentius-kirmes.de\/blog\/?page_id=21"},"modified":"2026-03-15T12:19:37","modified_gmt":"2026-03-15T10:19:37","slug":"home","status":"publish","type":"page","link":"https:\/\/laurentius-kirmes.de\/blog\/","title":{"rendered":"Startseite"},"content":{"rendered":"\r\n\r\n\r\n<h2><strong>+++ Herzlichen Willkommen zur Laurentiuskirmes 2026 +++<\/strong><\/h2>\r\n<p style=\"font-weight: 400;\"><strong>Wir freuen uns auch 2026 wieder ein buntes und attraktives Programm pr\u00e4sentieren zu k\u00f6nnen. <\/strong><\/p>\r\n<p style=\"font-weight: 400;\"><strong>Aktuell laufen dazu die Planungen. Sofern das Programm final ist, werden wir es umgehend hier ver\u00f6ffentlichen<\/strong><\/p>\r\n<p style=\"font-weight: 400;\"><strong>Ab diesem Jahr m\u00fcssen wir uns selber um die Marktst\u00e4nde k\u00fcmmern. Interessierte Standbetreiber k\u00f6nnen sich gerne \u00fcber das folgende Anmeldeformular bei uns bewerben. Auch der j\u00e4hrlich wachsende Bauernmarkt ist wieder ein best\u00e4ndiger Teil unser Kirmes. Auch hier ist eine Bewerbung erforderlich.<br><\/strong><\/p>\r\n<table style=\"border-collapse: collapse; width: 100%;\">\r\n<tbody>\r\n<tr>\r\n<td style=\"width: 50%;\"><img loading=\"lazy\" decoding=\"async\" class=\"alignleft size-medium wp-image-4954\" src=\"https:\/\/laurentius-kirmes.de\/blog\/wp-content\/uploads\/2023\/05\/Bauernmarkt-2023-300x152.jpg\" alt=\"\" width=\"300\" height=\"152\" srcset=\"https:\/\/laurentius-kirmes.de\/blog\/wp-content\/uploads\/2023\/05\/Bauernmarkt-2023-300x152.jpg 300w, https:\/\/laurentius-kirmes.de\/blog\/wp-content\/uploads\/2023\/05\/Bauernmarkt-2023-1024x518.jpg 1024w, https:\/\/laurentius-kirmes.de\/blog\/wp-content\/uploads\/2023\/05\/Bauernmarkt-2023-768x388.jpg 768w, https:\/\/laurentius-kirmes.de\/blog\/wp-content\/uploads\/2023\/05\/Bauernmarkt-2023-465x235.jpg 465w, https:\/\/laurentius-kirmes.de\/blog\/wp-content\/uploads\/2023\/05\/Bauernmarkt-2023-695x351.jpg 695w, https:\/\/laurentius-kirmes.de\/blog\/wp-content\/uploads\/2023\/05\/Bauernmarkt-2023.jpg 1507w\" sizes=\"auto, (max-width: 300px) 100vw, 300px\" \/><\/td>\r\n<td style=\"width: 50%;\"><img loading=\"lazy\" decoding=\"async\" class=\"alignleft size-medium wp-image-5352\" src=\"https:\/\/laurentius-kirmes.de\/blog\/wp-content\/uploads\/2026\/03\/Banner_Laurentius-1-300x153.jpg\" alt=\"\" width=\"300\" height=\"153\" srcset=\"https:\/\/laurentius-kirmes.de\/blog\/wp-content\/uploads\/2026\/03\/Banner_Laurentius-1-300x153.jpg 300w, https:\/\/laurentius-kirmes.de\/blog\/wp-content\/uploads\/2026\/03\/Banner_Laurentius-1-1024x522.jpg 1024w, https:\/\/laurentius-kirmes.de\/blog\/wp-content\/uploads\/2026\/03\/Banner_Laurentius-1-768x392.jpg 768w, https:\/\/laurentius-kirmes.de\/blog\/wp-content\/uploads\/2026\/03\/Banner_Laurentius-1-1536x784.jpg 1536w, https:\/\/laurentius-kirmes.de\/blog\/wp-content\/uploads\/2026\/03\/Banner_Laurentius-1-2048x1045.jpg 2048w, https:\/\/laurentius-kirmes.de\/blog\/wp-content\/uploads\/2026\/03\/Banner_Laurentius-1-465x237.jpg 465w, https:\/\/laurentius-kirmes.de\/blog\/wp-content\/uploads\/2026\/03\/Banner_Laurentius-1-695x355.jpg 695w\" sizes=\"auto, (max-width: 300px) 100vw, 300px\" \/><\/td>\r\n<\/tr>\r\n<tr>\r\n<td style=\"width: 50%;\"><strong>Die Anmeldung zum Bauern-, Kunst-, und Kunsthandwerkermarkt am Sonntag, den 09.08.26, findet ihr hier:<br><a href=\"https:\/\/laurentius-kirmes.de\/blog\/wp-content\/uploads\/2026\/01\/Anmeldung-Bauernmarkt-2026.pdf\" target=\"_blank\" rel=\"noopener\">Bewerbungsformular Bauernmarkt 2026<\/a><\/strong><\/td>\r\n<td style=\"width: 50%;\">\r\n<p><strong>Die Anmeldung zum Laurentius-Markt am Montag, den 10.08.26, findet ihr hier:<br><a href=\"https:\/\/laurentius-kirmes.de\/blog\/wp-content\/uploads\/2026\/03\/Bewerbungs_Formular_LM26.pdf\" target=\"_blank\" rel=\"noopener\">Bewerbungsformular Laurentius-Markt 2026<\/a><br><\/strong><\/p>\r\n<\/td>\r\n<\/tr>\r\n<\/tbody>\r\n<\/table>\r\n<p><strong>Wir freuen uns auf Euer Erscheinen!<\/strong><br><br><strong>Der Vorstand der Vereinsgemeinschaft <\/strong><strong>Laurentiuskirmes Wolfersweiler<\/strong><\/p>\r\n<h3><strong>&nbsp;<\/strong><\/h3>\r\n<p>&nbsp;<\/p>\r\n\r\n\r\n\r\n\r\n","protected":false},"excerpt":{"rendered":"<p>+++ Herzlichen Willkommen zur Laurentiuskirmes 2026 +++ Wir freuen uns auch 2026 wieder ein buntes und attraktives Programm pr\u00e4sentieren zu k\u00f6nnen. Aktuell laufen dazu die Planungen. Sofern das Programm final ist, werden wir es umgehend hier ver\u00f6ffentlichen Ab diesem Jahr m\u00fcssen wir uns selber um die Marktst\u00e4nde k\u00fcmmern. Interessierte Standbetreiber<span class=\"more-link\"><a href=\"https:\/\/laurentius-kirmes.de\/blog\/\">Continue Reading<\/a><\/span><\/p>\n","protected":false},"author":1,"featured_media":0,"parent":0,"menu_order":0,"comment_status":"closed","ping_status":"closed","template":"","meta":{"ngg_post_thumbnail":0,"footnotes":""},"class_list":["entry","author-admin","post-21","page","type-page","status-publish"],"_links":{"self":[{"href":"https:\/\/laurentius-kirmes.de\/blog\/index.php?rest_route=\/wp\/v2\/pages\/21","targetHints":{"allow":["GET"]}}],"collection":[{"href":"https:\/\/laurentius-kirmes.de\/blog\/index.php?rest_route=\/wp\/v2\/pages"}],"about":[{"href":"https:\/\/laurentius-kirmes.de\/blog\/index.php?rest_route=\/wp\/v2\/types\/page"}],"author":[{"embeddable":true,"href":"https:\/\/laurentius-kirmes.de\/blog\/index.php?rest_route=\/wp\/v2\/users\/1"}],"replies":[{"embeddable":true,"href":"https:\/\/laurentius-kirmes.de\/blog\/index.php?rest_route=%2Fwp%2Fv2%2Fcomments&post=21"}],"version-history":[{"count":211,"href":"https:\/\/laurentius-kirmes.de\/blog\/index.php?rest_route=\/wp\/v2\/pages\/21\/revisions"}],"predecessor-version":[{"id":5277,"href":"https:\/\/laurentius-kirmes.de\/blog\/index.php?rest_route=\/wp\/v2\/pages\/21\/revisions\/5277"}],"wp:attachment":[{"href":"https:\/\/laurentius-kirmes.de\/blog\/index.php?rest_route=%2Fwp%2Fv2%2Fmedia&parent=21"}],"curies":[{"name":"wp","href":"https:\/\/api.w.org\/{rel}","templated":true}]}}