{"id":2,"date":"2010-05-07T16:38:54","date_gmt":"2010-05-07T14:38:54","guid":{"rendered":"http:\/\/laurentius-kirmes.de\/blog\/index.php?page_id=2"},"modified":"2022-06-07T09:51:30","modified_gmt":"2022-06-07T07:51:30","slug":"about","status":"publish","type":"page","link":"https:\/\/laurentius-kirmes.de\/blog\/?page_id=2","title":{"rendered":"Verein"},"content":{"rendered":"<h3>Wissenswertes zur Vereinsgemeinschaft<\/h3>\n<p>Die Kirmes mit Laurentiusmarkt in Wolfersweiler wird heute von der Vereinsgemeinschaft Laurentius veranstaltet. Der Weg und die Aktivit\u00e4ten der Vereinsgemeinschaft sollen hier kurz dargestellt werden.<\/p>\n<p>Bis zum Jahre 1969 wurde der Laurentiusmarkt vom Gemeinderat veranstaltet. Hierzu wurde dann auch ein Zelt aufgebaut und ein Wirt mit der Bewirtung der G\u00e4ste beauftragt. Nach der Kirmes 1969 wurde durch den damaligen B\u00fcrgermeister, Reinhard Pontius, angeregt die Veranstaltung in einer etwas anderen Form durchzuf\u00fchren. Schon damals hatte er die Idee, dass die Ortsvereine den Markt und die Kirmes in einer anderen Form gestalten k\u00f6nnten, um das Ganze f\u00fcr Besucher noch attraktiver zu machen.<\/p>\n<figure id=\"attachment_13\" aria-describedby=\"caption-attachment-13\" style=\"width: 450px\" class=\"wp-caption aligncenter\"><a href=\"https:\/\/laurentius-kirmes.de\/blog\/wp-content\/uploads\/2010\/05\/bau1.jpg\"><img loading=\"lazy\" decoding=\"async\" class=\"size-full wp-image-13\" title=\"Beginn der Bau\u00dfnahmen am Festplatz\" src=\"https:\/\/laurentius-kirmes.de\/blog\/wp-content\/uploads\/2010\/05\/bau1.jpg\" alt=\"\" width=\"450\" height=\"298\" srcset=\"https:\/\/laurentius-kirmes.de\/blog\/wp-content\/uploads\/2010\/05\/bau1.jpg 450w, https:\/\/laurentius-kirmes.de\/blog\/wp-content\/uploads\/2010\/05\/bau1-300x198.jpg 300w\" sizes=\"auto, (max-width: 450px) 100vw, 450px\" \/><\/a><figcaption id=\"caption-attachment-13\" class=\"wp-caption-text\"><em>Beginn der Bauma\u00dfnahmen am Festplatz<\/em><\/figcaption><\/figure>\n<p>Bis zum Jahre 1969 wurde der Laurentiusmarkt vom Gemeinderat veranstaltet. Hierzu wurde dann auch ein Zelt aufgebaut und ein Wirt mit der Bewirtung der G\u00e4ste beauftragt. Nach der Kirmes 1969 wurde durch den damaligen B\u00fcrgermeister, Reinhard Pontius, angeregt die Veranstaltung in einer etwas anderen Form durchzuf\u00fchren. Schon damals hatte er die Idee, dass die Ortsvereine den Markt und die Kirmes in einer anderen Form gestalten k\u00f6nnten, um das Ganze f\u00fcr Besucher noch attraktiver zu machen.<\/p>\n<p>Nach anf\u00e4nglichen Schwierigkeiten wurde die Veranstaltung durch die Interessengemeinschaft immer interessanter gestaltet und es konnten auch Gewinne erwirtschaftet werden, die den Vereinen zu Gute kamen. Aus dieser Interessengemeinschaft entwickelte sich im Jahre 1971 die Vereinsgemeinschaft Laurentius, gegr\u00fcndet von folgenden Vereinen:<\/p>\n<ul>\n<li>Sportverein Wolfersweiler<\/li>\n<li>Gemischter Chor Wolfersweiler<\/li>\n<li>Kaninchenzuchtverein Wolfersweiler<\/li>\n<li>Musikverein Wolfersweiler<\/li>\n<\/ul>\n<figure id=\"attachment_16\" aria-describedby=\"caption-attachment-16\" style=\"width: 449px\" class=\"wp-caption aligncenter\"><a href=\"https:\/\/laurentius-kirmes.de\/blog\/wp-content\/uploads\/2010\/05\/bau2.jpg\"><img loading=\"lazy\" decoding=\"async\" class=\"size-full wp-image-16\" title=\"Verlegung der Verbundsteine\" src=\"https:\/\/laurentius-kirmes.de\/blog\/wp-content\/uploads\/2010\/05\/bau2.jpg\" alt=\"\" width=\"449\" height=\"297\" srcset=\"https:\/\/laurentius-kirmes.de\/blog\/wp-content\/uploads\/2010\/05\/bau2.jpg 449w, https:\/\/laurentius-kirmes.de\/blog\/wp-content\/uploads\/2010\/05\/bau2-300x198.jpg 300w\" sizes=\"auto, (max-width: 449px) 100vw, 449px\" \/><\/a><figcaption id=\"caption-attachment-16\" class=\"wp-caption-text\"><em>Verlegung der Verbundsteine<\/em><\/figcaption><\/figure>\n<p>Im Laufe der Jahre ver\u00e4nderte sich aufgrund verschiedener Umst\u00e4nde die Zusammensetzung in der VG. Am 17.06.2003 erfolgte die Eintragung ins Vereinsregister als e. V. &nbsp;Heute besteht die Vereinsgemeinschaft aus folgenden Vereinen:<\/p>\n<ul>\n<li>Sportverein Wolfersweiler<\/li>\n<li>Gemischter Chor WolfersweilerKaninchenzuchtverein Wolfersweiler<\/li>\n<li>Kaninchenzuchtverein Wolfersweiler<\/li>\n<li>Historischer Verein Novallis Wolfersweiler<\/li>\n<li>MSC Obere Nahe.<\/li>\n<\/ul>\n<p>In den letzten 50 Jahren hat diese Vereinsgemeinschaft die Kirmes mit Laurentiusmarkt zu einem der gr\u00f6\u00dften Volksfeste im n\u00f6rdlichen Saarland und angrenzendem Rheinland-Pfalz gef\u00fchrt. Beim Unterhaltungsprogramm hat sich die Vereinsgemeinschaft immer wieder etwas Neues einfallen lassen und sich dem Fortschritt nie verschlossen. So konnten Showgr\u00f6\u00dfen wie Tony Marshall, Marmelade, Dave Dee, Michelle, Hermes House Band und Christina St\u00fcrmer verpflichtet werden.<\/p>\n<p>Die Vergr\u00f6\u00dferung und die Popularit\u00e4t der Veranstaltung f\u00fchrte aber auch dazu, dass immer mehr ehrenamtliche Helfer ben\u00f6tigt wurden. Bis zum heutigen Tage stieg deren Zahl stetig. Man braucht heute zur Bew\u00e4ltigung der Laurentius-Kirmes zwischen. Ca. 250 freiwillige Helfer aus dem Ort und den Vereinen. Da dies noch immer m\u00f6glich ist zeigt, dass die Veranstaltung im Ort und den Vereinen eine hohe Akzeptanz hat. Dies spornt nat\u00fcrlich auch den Vorstand dazu an, stets ein&nbsp;attraktives Programm zu organisieren und f\u00fcr die Weiterentwicklung Sorge zu tragen.<\/p>\n<figure id=\"attachment_17\" aria-describedby=\"caption-attachment-17\" style=\"width: 450px\" class=\"wp-caption aligncenter\"><a href=\"https:\/\/laurentius-kirmes.de\/blog\/wp-content\/uploads\/2010\/05\/bau3.jpg\"><img loading=\"lazy\" decoding=\"async\" class=\"size-full wp-image-17\" title=\"Fertigstellung der Bauma\u00dfnahmen \" src=\"https:\/\/laurentius-kirmes.de\/blog\/wp-content\/uploads\/2010\/05\/bau3.jpg\" alt=\"\" width=\"450\" height=\"305\" srcset=\"https:\/\/laurentius-kirmes.de\/blog\/wp-content\/uploads\/2010\/05\/bau3.jpg 450w, https:\/\/laurentius-kirmes.de\/blog\/wp-content\/uploads\/2010\/05\/bau3-300x203.jpg 300w\" sizes=\"auto, (max-width: 450px) 100vw, 450px\" \/><\/a><figcaption id=\"caption-attachment-17\" class=\"wp-caption-text\"><em>Fertigstellung der Bauma\u00dfnahmen<\/em><\/figcaption><\/figure>\n<p>Die erwirtschafteten Ertr\u00e4ge&nbsp; aus den Veranstaltungen verschwanden jedoch nicht nur bei den Vereinen, sondern wurden z. T. auch f\u00fcr die Allgemeinheit und die Kirmes selbst wieder investiert.<\/p>\n<p>So wurde zu Beispiel Strom und Wasser zum Festplatz neu verlegt, eine Platzbeleuchtung und f\u00fcr die sanit\u00e4ren Anlagen eine Kl\u00e4rgrube errichtet.<\/p>\n<p>Als erste gro\u00dfe Ma\u00dfnahme wurde 1993 der Ausbau des Festplatzes in Angriff genommen. Hier wurden 1500 qm Verbundsteine f\u00fcr den eigentlichen Zeltplatz verlegt. Dieser Ausbau fand in Eigenleistung statt und es standen \u00fcber mehrere Wochen 37 Helfer aus dem Ort zur Verf\u00fcgung. Den finanziellen Part teilte sich die Vereinsgemeinschaft mit der Gemeinde Nohfelden, wobei der gr\u00f6\u00dfte Teil von uns getragen wurde.<\/p>\n<p>Im Jahr 2001 wurde dann auch der eigentliche Festplatz durch die Vereinsgemeinschaft ausgebaut und befestigt. So wurde zu Beispiel Strom und Wasser am gesamten Festplatz neu verlegt und eine Platzbeleuchtung aufgestellt. Auch hier fand alles in Eigenleistung statt.<\/p>\n<p>Im Jahre 2012 erfolgte dann der Bau unseres Funktionsgeb\u00e4udes mit Toilettenanlage. Auch diese Bauma\u00dfnahme wurde in Eigenleistung und mit Unterst\u00fctzung durch die Fa. Klos Bau und Fa. Bernd Litz durchgef\u00fchrt. Die Kosten in H\u00f6he von ca. 40.000 \u20ac wurden durch die Vereinsgemeinschaft alleine getragen.<\/p>\n<p>Der heutige Vorstand ist bem\u00fcht, die Tradition der Veranstaltung aufrecht zu erhalten und fortzuf\u00fchren. Doch dazu braucht es die Unterst\u00fctzung des gesamten Ortes und auch einzelner Personen, die bereit sind sich im Vorstand bzw. bei der Organisation der Veranstaltung einzubringen. Leute mit guten Ideen und Tatkraft sind immer willkommen.<\/p>\n","protected":false},"excerpt":{"rendered":"<p>Wissenswertes zur Vereinsgemeinschaft Die Kirmes mit Laurentiusmarkt in Wolfersweiler wird heute von der Vereinsgemeinschaft Laurentius veranstaltet. Der Weg und die Aktivit\u00e4ten der Vereinsgemeinschaft sollen hier kurz dargestellt werden. Bis zum Jahre 1969 wurde der Laurentiusmarkt vom Gemeinderat veranstaltet. Hierzu wurde dann auch ein Zelt aufgebaut und ein Wirt mit der<span class=\"more-link\"><a href=\"https:\/\/laurentius-kirmes.de\/blog\/?page_id=2\">Continue Reading<\/a><\/span><\/p>\n","protected":false},"author":1,"featured_media":0,"parent":0,"menu_order":1,"comment_status":"closed","ping_status":"closed","template":"","meta":{"ngg_post_thumbnail":0,"footnotes":""},"class_list":["entry","author-admin","post-2","page","type-page","status-publish"],"_links":{"self":[{"href":"https:\/\/laurentius-kirmes.de\/blog\/index.php?rest_route=\/wp\/v2\/pages\/2","targetHints":{"allow":["GET"]}}],"collection":[{"href":"https:\/\/laurentius-kirmes.de\/blog\/index.php?rest_route=\/wp\/v2\/pages"}],"about":[{"href":"https:\/\/laurentius-kirmes.de\/blog\/index.php?rest_route=\/wp\/v2\/types\/page"}],"author":[{"embeddable":true,"href":"https:\/\/laurentius-kirmes.de\/blog\/index.php?rest_route=\/wp\/v2\/users\/1"}],"replies":[{"embeddable":true,"href":"https:\/\/laurentius-kirmes.de\/blog\/index.php?rest_route=%2Fwp%2Fv2%2Fcomments&post=2"}],"version-history":[{"count":20,"href":"https:\/\/laurentius-kirmes.de\/blog\/index.php?rest_route=\/wp\/v2\/pages\/2\/revisions"}],"predecessor-version":[{"id":4936,"href":"https:\/\/laurentius-kirmes.de\/blog\/index.php?rest_route=\/wp\/v2\/pages\/2\/revisions\/4936"}],"wp:attachment":[{"href":"https:\/\/laurentius-kirmes.de\/blog\/index.php?rest_route=%2Fwp%2Fv2%2Fmedia&parent=2"}],"curies":[{"name":"wp","href":"https:\/\/api.w.org\/{rel}","templated":true}]}}